{"id":7,"date":"2017-11-14T16:50:59","date_gmt":"2017-11-14T15:50:59","guid":{"rendered":"http:\/\/atow.fr\/?page_id=7"},"modified":"2021-02-11T15:48:21","modified_gmt":"2021-02-11T14:48:21","slug":"accueil","status":"publish","type":"page","link":"http:\/\/atow.fr\/","title":{"rendered":"ATOW"},"content":{"rendered":"\n<figure class=\"wp-block-image size-large\"><a href=\"http:\/\/atow.fr\/?attachment_id=82\"><img loading=\"lazy\" width=\"721\" height=\"1024\" src=\"http:\/\/atow.fr\/wp-content\/uploads\/2021\/02\/71cdd07b-f896-48d3-a7c8-4f2221a429c5-721x1024.jpeg\" alt=\"distanciation sociale, couvre feu, confinement, on a beaucoup travaill\u00e9 sur la machine ces derni\u00e8res semaines, alors on s'est dit que d'afficher l'amour sur les murs du quartier \u00e9tait une bonne occasion !\nc'est tr\u00e8s facile :\nChaque lien ce dessous peut d'acc\u00e9der \u00e0 un projecteur directement\nlow1.atow.fr\nlow2.atow.fr\nlow3.atow.fr\nlow4.atow.fr\n\nn'h\u00e9sitez pas \u00e0 partager les photos de vos oeuvres sur :\n https:\/\/www.instagram.com\/atowlive\/\nhttp:\/\/facebook.com\/atowlive\/\" class=\"wp-image-82\" srcset=\"http:\/\/atow.fr\/wp-content\/uploads\/2021\/02\/71cdd07b-f896-48d3-a7c8-4f2221a429c5-721x1024.jpeg 721w, http:\/\/atow.fr\/wp-content\/uploads\/2021\/02\/71cdd07b-f896-48d3-a7c8-4f2221a429c5-211x300.jpeg 211w, http:\/\/atow.fr\/wp-content\/uploads\/2021\/02\/71cdd07b-f896-48d3-a7c8-4f2221a429c5-768x1091.jpeg 768w, http:\/\/atow.fr\/wp-content\/uploads\/2021\/02\/71cdd07b-f896-48d3-a7c8-4f2221a429c5-1081x1536.jpeg 1081w, http:\/\/atow.fr\/wp-content\/uploads\/2021\/02\/71cdd07b-f896-48d3-a7c8-4f2221a429c5.jpeg 1126w\" sizes=\"(max-width: 721px) 100vw, 721px\" \/><\/a><figcaption>distanciation sociale, couvre feu, confinement, on a beaucoup travaill\u00e9 sur la machine ces derni\u00e8res semaines, alors on s&#8217;est dit que d&#8217;afficher l&#8217;amour sur les murs du quartier \u00e9tait une bonne occasion !<br>c&#8217;est tr\u00e8s facile :<br>Chaque lien ce dessous peut d&#8217;acc\u00e9der \u00e0 un projecteur directement<br><a href=\"http:\/\/low1.atow.fr\">low1.atow.fr<br><\/a><a href=\"http:\/\/low2.atow.fr\">low2.atow.fr<br><\/a><a href=\"http:\/\/low3.atow.fr\">low3.atow.fr<br><\/a><a href=\"http:\/\/low4.atow.fr\">low4.atow.fr<br><\/a><br>n&#8217;h\u00e9sitez pas \u00e0 partager les photos de vos oeuvres sur :<br><a href=\"https:\/\/www.instagram.com\/atowlive\/\"> https:\/\/www.instagram.com\/atowlive\/<br><\/a><a href=\"http:\/\/facebook.com\/atowlive\/\">http:\/\/facebook.com\/atowlive\/<\/a><\/figcaption><\/figure>\n\n\n\n<figure class=\"wp-block-image size-large\"><a href=\"low4.atow.fr\" target=\"_blank\" rel=\"noreferrer noopener\"><img src=\"blob:http:\/\/atow.fr\/00f9351f-eb88-4371-b5d2-bdb2e462086e\" alt=\"\" class=\"wp-image-82\"\/><\/a><\/figure>\n\n\n\n<p class=\"has-text-align-center has-huge-font-size\"><strong>ATOW &#8211; The luminous way to shout<\/strong><\/p>\n\n\n\n<p class=\"has-text-align-center has-large-font-size\">ATOW est une start-up grenobloise qui d\u00e9veloppe des solutions de communication visuelle innovantes pour rassembler les gens d\u2019un m\u00e8me quartier. Pour cela, nous utilisons la projection laser vectorielle, une technologie simple particuli\u00e8rement discr\u00e8te et sobre en \u00e9nergie.<\/p>\n","protected":false},"excerpt":{"rendered":"<p>ATOW &#8211; The luminous way to shout ATOW est une start-up grenobloise qui d\u00e9veloppe des solutions de communication visuelle innovantes pour rassembler les gens d\u2019un m\u00e8me quartier. Pour cela, nous utilisons la projection laser vectorielle, une technologie simple particuli\u00e8rement discr\u00e8te et sobre en \u00e9nergie.<\/p>\n","protected":false},"author":1,"featured_media":0,"parent":0,"menu_order":0,"comment_status":"closed","ping_status":"closed","template":"","meta":[],"_links":{"self":[{"href":"http:\/\/atow.fr\/index.php?rest_route=\/wp\/v2\/pages\/7"}],"collection":[{"href":"http:\/\/atow.fr\/index.php?rest_route=\/wp\/v2\/pages"}],"about":[{"href":"http:\/\/atow.fr\/index.php?rest_route=\/wp\/v2\/types\/page"}],"author":[{"embeddable":true,"href":"http:\/\/atow.fr\/index.php?rest_route=\/wp\/v2\/users\/1"}],"replies":[{"embeddable":true,"href":"http:\/\/atow.fr\/index.php?rest_route=%2Fwp%2Fv2%2Fcomments&post=7"}],"version-history":[{"count":14,"href":"http:\/\/atow.fr\/index.php?rest_route=\/wp\/v2\/pages\/7\/revisions"}],"predecessor-version":[{"id":94,"href":"http:\/\/atow.fr\/index.php?rest_route=\/wp\/v2\/pages\/7\/revisions\/94"}],"wp:attachment":[{"href":"http:\/\/atow.fr\/index.php?rest_route=%2Fwp%2Fv2%2Fmedia&parent=7"}],"curies":[{"name":"wp","href":"https:\/\/api.w.org\/{rel}","templated":true}]}}